{"id":423,"date":"2018-10-23T17:41:36","date_gmt":"2018-10-23T17:41:36","guid":{"rendered":"https:\/\/cercleagency.com\/?page_id=423"},"modified":"2024-06-26T16:58:22","modified_gmt":"2024-06-26T16:58:22","slug":"experiencia","status":"publish","type":"page","link":"https:\/\/cercleagency.com\/es\/experiencia\/","title":{"rendered":"EXPERIENCIA"},"content":{"rendered":"<p>[et_pb_section fb_built=\u00bb1&#8243; _builder_version=\u00bb4.16&#8243; use_background_color_gradient=\u00bbon\u00bb background_color_gradient_direction=\u00bb89deg\u00bb background_color_gradient_stops=\u00bbrgba(170,170,170,0.15) 0%|rgba(0,0,0,0.03) 100%\u00bb background_color_gradient_start=\u00bbrgba(170,170,170,0.15)\u00bb background_color_gradient_end=\u00bbrgba(0,0,0,0.03)\u00bb border_color_all=\u00bbrgba(51,51,51,0)\u00bb global_colors_info=\u00bb{}\u00bb][et_pb_row column_structure=\u00bb1_2,1_2&#8243; make_equal=\u00bbon\u00bb module_class=\u00bb et_pb_row_fullwidth et_pb_row_fullwidth\u00bb _builder_version=\u00bb4.16&#8243; width=\u00bb89%\u00bb width_tablet=\u00bb80%\u00bb width_phone=\u00bb\u00bb width_last_edited=\u00bbon|desktop\u00bb max_width=\u00bb89%\u00bb max_width_tablet=\u00bb80%\u00bb max_width_phone=\u00bb\u00bb max_width_last_edited=\u00bbon|desktop\u00bb mix_blend_mode=\u00bbmultiply\u00bb make_fullwidth=\u00bbon\u00bb global_colors_info=\u00bb{}\u00bb][et_pb_column type=\u00bb1_2&#8243; _builder_version=\u00bb4.16&#8243; custom_padding=\u00bb|||\u00bb global_colors_info=\u00bb{}\u00bb custom_padding__hover=\u00bb|||\u00bb][et_pb_image src=\u00bbhttps:\/\/cercleagency.com\/wp-content\/uploads\/2018\/10\/agencia-creatividad-experiencia.jpg\u00bb align=\u00bbright\u00bb align_tablet=\u00bbcenter\u00bb align_phone=\u00bb\u00bb align_last_edited=\u00bbon|desktop\u00bb _builder_version=\u00bb4.16&#8243; max_width=\u00bb85%\u00bb custom_margin=\u00bb-20px|||\u00bb animation_style=\u00bbslide\u00bb animation_duration=\u00bb1300ms\u00bb animation_intensity_slide=\u00bb30%\u00bb global_colors_info=\u00bb{}\u00bb]<br \/>\n[\/et_pb_image][\/et_pb_column][et_pb_column type=\u00bb1_2&#8243; module_class=\u00bbds-vertical-align\u00bb _builder_version=\u00bb4.16&#8243; custom_padding=\u00bb|||\u00bb global_colors_info=\u00bb{}\u00bb custom_padding__hover=\u00bb|||\u00bb][et_pb_text disabled_on=\u00bbon|on|\u00bb _builder_version=\u00bb4.16&#8243; text_font=\u00bbMontserrat||||||||\u00bb text_text_color=\u00bbrgba(0,0,0,0.8)\u00bb text_font_size=\u00bb16px\u00bb text_line_height=\u00bb1.6em\u00bb header_font=\u00bbhelvetica condensed||||||||\u00bb header_font_size=\u00bb56px\u00bb custom_margin=\u00bb|||100px\u00bb custom_margin_tablet=\u00bb0px|||0px\u00bb custom_margin_phone=\u00bb\u00bb custom_margin_last_edited=\u00bbon|desktop\u00bb text_font_size_tablet=\u00bb\u00bb text_font_size_phone=\u00bb12px\u00bb text_font_size_last_edited=\u00bbon|tablet\u00bb text_line_height_tablet=\u00bb\u00bb text_line_height_phone=\u00bb1.3em\u00bb text_line_height_last_edited=\u00bbon|desktop\u00bb header_font_size_tablet=\u00bb36px\u00bb header_font_size_phone=\u00bb\u00bb header_font_size_last_edited=\u00bbon|tablet\u00bb global_colors_info=\u00bb{}\u00bb]<\/p>\n<h1>EXPERIENCIA<\/h1>\n<p>[\/et_pb_text][et_pb_text disabled_on=\u00bboff|off|on\u00bb admin_label=\u00bbTexto MOBIL\u00bb _builder_version=\u00bb4.16&#8243; text_font=\u00bbMontserrat||||||||\u00bb text_text_color=\u00bbrgba(0,0,0,0.8)\u00bb text_font_size=\u00bb16px\u00bb text_line_height=\u00bb1.6em\u00bb header_font=\u00bbhelvetica condensed||||||||\u00bb header_font_size=\u00bb56px\u00bb text_orientation=\u00bbcenter\u00bb custom_margin=\u00bb|||100px\u00bb custom_margin_tablet=\u00bb0px|||0px\u00bb custom_margin_phone=\u00bb\u00bb custom_margin_last_edited=\u00bbon|desktop\u00bb text_font_size_tablet=\u00bb\u00bb text_font_size_phone=\u00bb12px\u00bb text_font_size_last_edited=\u00bbon|tablet\u00bb text_line_height_tablet=\u00bb\u00bb text_line_height_phone=\u00bb1.3em\u00bb text_line_height_last_edited=\u00bbon|desktop\u00bb header_font_size_tablet=\u00bb36px\u00bb header_font_size_phone=\u00bb\u00bb header_font_size_last_edited=\u00bbon|tablet\u00bb global_colors_info=\u00bb{}\u00bb]<\/p>\n<h1>EXPERIENCIA<\/h1>\n<p>[\/et_pb_text][\/et_pb_column][\/et_pb_row][\/et_pb_section][et_pb_section fb_built=\u00bb1&#8243; _builder_version=\u00bb4.16&#8243; global_colors_info=\u00bb{}\u00bb][et_pb_row _builder_version=\u00bb4.16&#8243; global_colors_info=\u00bb{}\u00bb][et_pb_column type=\u00bb4_4&#8243; module_class=\u00bbds-vertical-align\u00bb _builder_version=\u00bb4.16&#8243; custom_padding=\u00bb|||\u00bb global_colors_info=\u00bb{}\u00bb custom_padding__hover=\u00bb|||\u00bb][et_pb_text _builder_version=\u00bb4.16&#8243; text_font=\u00bbhelvetica condensed||||||||\u00bb text_text_color=\u00bb#ff9f19&#8243; text_font_size=\u00bb36px\u00bb header_text_color=\u00bb#ff9f19&#8243; text_font_size_tablet=\u00bb24px\u00bb text_font_size_phone=\u00bb20px\u00bb text_font_size_last_edited=\u00bbon|phone\u00bb global_colors_info=\u00bb{}\u00bb]<\/p>\n<p>CLIENTES<\/p>\n<p>[\/et_pb_text][\/et_pb_column][\/et_pb_row][\/et_pb_section][et_pb_section fb_built=\u00bb1&#8243; _builder_version=\u00bb4.16&#8243; inner_width_tablet=\u00bb50px\u00bb inner_max_width_tablet=\u00bb100px\u00bb inner_max_width_phone=\u00bb50px\u00bb custom_margin=\u00bb-60px|||\u00bb custom_margin_tablet=\u00bb0px|||\u00bb custom_margin_phone=\u00bb\u00bb custom_margin_last_edited=\u00bbon|tablet\u00bb custom_padding=\u00bb0px|0px|20px|0px\u00bb z_index_tablet=\u00bb500&#8243; box_shadow_horizontal_tablet=\u00bb0px\u00bb box_shadow_vertical_tablet=\u00bb0px\u00bb box_shadow_blur_tablet=\u00bb40px\u00bb box_shadow_spread_tablet=\u00bb0px\u00bb global_colors_info=\u00bb{}\u00bb][et_pb_row _builder_version=\u00bb4.16&#8243; global_colors_info=\u00bb{}\u00bb][et_pb_column type=\u00bb4_4&#8243; module_class=\u00bbds-vertical-align\u00bb _builder_version=\u00bb4.16&#8243; custom_padding=\u00bb|||\u00bb global_colors_info=\u00bb{}\u00bb custom_padding__hover=\u00bb|||\u00bb][et_pb_text _builder_version=\u00bb4.16&#8243; text_font=\u00bbMontserrat|300|||||||\u00bb text_text_color=\u00bb#000000&#8243; text_line_height=\u00bb1.5em\u00bb header_text_color=\u00bb#ff9f19&#8243; text_font_size_tablet=\u00bb12px\u00bb text_font_size_phone=\u00bb\u00bb text_font_size_last_edited=\u00bbon|desktop\u00bb text_line_height_tablet=\u00bb\u00bb text_line_height_phone=\u00bb\u00bb text_line_height_last_edited=\u00bbon|phone\u00bb global_colors_info=\u00bb{}\u00bb]<\/p>\n<p><strong>INMOBILIARIAS Y CONSTRUCCI\u00d3N<\/strong><br \/>Ibusa, Moyser, Prefabricats M.Planas, Acontank Espa\u00f1a, Auxipref, Gipisa, Gir Building Group, Patrinver, Patrimonial Urbana Condal, Ofitec, Octanorm Espa\u00f1a, Loroga Constructora Promotora y Construccions Grau.<\/p>\n<p><strong>SALUD, VETERINARIA Y BELLEZA<\/strong><br \/>Elanco, Qu\u00edmica Farmac\u00e9utica Bayer, Bayer Hispania, Advantix, Advantage, Kiltix, Drontal Plus, Drontal, Sano&amp;Bello, Baytril, Milton, Friskies Espa\u00f1a, Nestle Purina Petcare, Ferrer Internacional, Comercial Quiron, Farmadiet, Inibsa, Colnatur y Lullage (Bella Aurora).<\/p>\n<p><strong>MEDIO AMBIENTE<\/strong><br \/>Derpin,S.A, Tri, Plastoqu\u00edmica, Tecnoambiente, Mecambient, Eco2Consulting y Novulner.<\/p>\n<p><strong>INDUSTRIA E INDUSTRIA QU\u00cdMICA<\/strong><br \/>De Dietrich, Stabilit, Solvay, Hispavic, Merck Farma y Qu\u00edmica, Tremesa, Safi Ib\u00e9rica, Randex, Det Norske Veritas, Sistemas de Reducciones, Condoroil Ib\u00e9rica, J.S.Catalunya Qu\u00edmica, Ict Filtraci\u00f3n, Pia,S.A, Pro-tec, Quimipol, Fat, Ibercompund, Riera Nadeu, Hidracar, Kalda, Save Water Team, B\u00fcrkert, Triomf, Ceramic Spray System, Seidor, Procare Health, Pronolis HD, DCare Forte, DC Fine Chemicals y Better Care.<\/p>\n<p><strong>INSTITUCIONALES<\/strong><br \/>Generalitat de Catalunya (Departament de Cultura), Converg\u00e8ncia Democr\u00e0tica de Catalunya, Joventut Nacionalista de Catalunya, Ajuntament de Torredembarra, M\u00fatua Universal, Universitat de Barcelona, Auditori Nacional d&#8217;Ordino, Consorci Sanitari Integral y Diputaci\u00f3 de Barcelona (Cido).<\/p>\n<p><strong>HOTELES Y RESTAURACI\u00d3N<\/strong><br \/>Hotansa, Hoteles Hesperia, Hotel N\u00fa\u00f1ez Urgell, Spaziale, Caff\u00e8 d&#8217;Autore, Andorra Park Hotel, Andorra Center Hotel, Hotel Valira, Hotel de l&#8217;Isard, Andorra Park Golf, Aparthotel Hotansa Arcs, Aparthotel Him\u00e0laia, Aparthotel Velvet, Aparthotel Casa Vella, Entra! Pans!!, El Marc Vell Restaurant, Restaurant La Dama Blanca, Restaurant El Parad\u00eds y Resid\u00e8ncia Universit\u00e0ria Sarri\u00e0.<\/p>\n<p><strong>SERVICIOS, CONSUMO Y OTROS<\/strong><br \/>Resol Grupo, Dd, Resol Garden, Resol Contract, Stilus, Somnia, Big Battery Innovation Group, Lauson, Manufacturas Mago, Singulart, Keytel, Wizcon Soft Espa\u00f1a, Macson, Dgec, Teclat, Sportech, Comercial Vfb, Styl Quattro, Galvany Comer\u00e7, Confecciones Vendrell, Sinergia Make-Up, Alabaster New Concept, Gaudir Il\u00b7luminaci\u00f3, Centre Kepler, Maxchief Europe, Zown, Newstorm, Stratum Commercial Furniture, Ax\u00eds Corporate, Porteralia, Zinger, Tecmoving, Marfeel, Libranda, Best Innova Projects, Contenidors Bou, PNHG, Norma, Editorial Casals y Ice Bowl.<\/p>\n<p>[\/et_pb_text][\/et_pb_column][\/et_pb_row][\/et_pb_section][et_pb_section fb_built=\u00bb1&#8243; fullwidth=\u00bbon\u00bb disabled_on=\u00bb||on\u00bb _builder_version=\u00bb4.16&#8243; global_colors_info=\u00bb{}\u00bb][et_pb_fullwidth_image src=\u00bbhttps:\/\/cercleagency.com\/wp-content\/uploads\/2018\/10\/agencia-creatividad-bosque.jpg\u00bb _builder_version=\u00bb4.16&#8243; global_colors_info=\u00bb{}\u00bb]<br \/>\n[\/et_pb_fullwidth_image][\/et_pb_section][et_pb_section fb_built=\u00bb1&#8243; fullwidth=\u00bbon\u00bb disabled_on=\u00bbon|on|\u00bb _builder_version=\u00bb4.16&#8243; global_colors_info=\u00bb{}\u00bb][et_pb_fullwidth_header _builder_version=\u00bb4.16&#8243; background_color=\u00bb#ffffff\u00bb background_image=\u00bbhttps:\/\/cercleagency.com\/wp-content\/uploads\/2018\/10\/agencia-creatividad-bosque.jpg\u00bb parallax=\u00bbon\u00bb parallax_method=\u00bbon\u00bb custom_padding=\u00bb300px||300px|\u00bb global_colors_info=\u00bb{}\u00bb button_one_text_size__hover_enabled=\u00bboff\u00bb button_two_text_size__hover_enabled=\u00bboff\u00bb button_one_text_color__hover_enabled=\u00bboff\u00bb button_two_text_color__hover_enabled=\u00bboff\u00bb button_one_border_width__hover_enabled=\u00bboff\u00bb button_two_border_width__hover_enabled=\u00bboff\u00bb button_one_border_color__hover_enabled=\u00bboff\u00bb button_two_border_color__hover_enabled=\u00bboff\u00bb button_one_border_radius__hover_enabled=\u00bboff\u00bb button_two_border_radius__hover_enabled=\u00bboff\u00bb button_one_letter_spacing__hover_enabled=\u00bboff\u00bb button_two_letter_spacing__hover_enabled=\u00bboff\u00bb button_one_bg_color__hover_enabled=\u00bboff\u00bb button_two_bg_color__hover_enabled=\u00bboff\u00bb]<br \/>\n[\/et_pb_fullwidth_header][\/et_pb_section][et_pb_section fb_built=\u00bb1&#8243; disabled_on=\u00bbon|on|\u00bb _builder_version=\u00bb4.16&#8243; custom_padding=\u00bb0px|0px|0px|0px\u00bb global_colors_info=\u00bb{}\u00bb][et_pb_row column_structure=\u00bb1_4,1_4,1_4,1_4&#8243; make_equal=\u00bbon\u00bb _builder_version=\u00bb4.16&#8243; custom_padding=\u00bb0px|0px|0px|0px\u00bb global_colors_info=\u00bb{}\u00bb][et_pb_column type=\u00bb1_4&#8243; module_class=\u00bbds-vertical-align\u00bb _builder_version=\u00bb4.16&#8243; custom_padding=\u00bb|||\u00bb global_colors_info=\u00bb{}\u00bb custom_padding__hover=\u00bb|||\u00bb][et_pb_image src=\u00bbhttps:\/\/cercleagency.com\/wp-content\/uploads\/2018\/10\/agencia-creatividad-donut-logo-pie-experiencia.jpg\u00bb align=\u00bbright\u00bb align_tablet=\u00bbcenter\u00bb align_phone=\u00bb\u00bb align_last_edited=\u00bbon|desktop\u00bb _builder_version=\u00bb4.16&#8243; global_colors_info=\u00bb{}\u00bb]<br \/>\n[\/et_pb_image][\/et_pb_column][et_pb_column type=\u00bb1_4&#8243; module_class=\u00bbds-vertical-align\u00bb _builder_version=\u00bb4.16&#8243; custom_padding=\u00bb|||\u00bb global_colors_info=\u00bb{}\u00bb custom_padding__hover=\u00bb|||\u00bb][et_pb_text _builder_version=\u00bb4.22.1&#8243; text_font=\u00bbMontserrat||||||||\u00bb text_font_size=\u00bb16px\u00bb hover_enabled=\u00bb0&#8243; text_font_size_tablet=\u00bb14px\u00bb text_font_size_phone=\u00bb12px\u00bb text_font_size_last_edited=\u00bbon|tablet\u00bb global_colors_info=\u00bb{}\u00bb sticky_enabled=\u00bb0&#8243;]<\/p>\n<p><strong>CERCLE CREATIVE AGENCY, S.L.<\/strong><br \/>648 610 007<br \/><a href=\"mailto:INFO@CERCLEAGENCY.COM\" target=\"_blank\" rel=\"noopener noreferrer\">INFO@CERCLEAGENCY.COM<\/a><br \/>WWW.CERCLEAGENCY.COM<\/p>\n<p>[\/et_pb_text][\/et_pb_column][et_pb_column type=\u00bb1_4&#8243; module_class=\u00bbds-vertical-align\u00bb _builder_version=\u00bb4.16&#8243; custom_padding=\u00bb|||\u00bb global_colors_info=\u00bb{}\u00bb custom_padding__hover=\u00bb|||\u00bb][et_pb_sidebar orientation=\u00bbright\u00bb area=\u00bbsidebar-1&#8243; _builder_version=\u00bb4.16&#8243; text_orientation=\u00bbleft\u00bb custom_margin=\u00bb60px|||\u00bb custom_margin_tablet=\u00bb\u00bb custom_margin_phone=\u00bb0px|||\u00bb custom_margin_last_edited=\u00bbon|phone\u00bb border_width_left=\u00bb1px\u00bb border_color_left=\u00bb#ff9f19&#8243; global_colors_info=\u00bb{}\u00bb]<br \/>\n[\/et_pb_sidebar][\/et_pb_column][et_pb_column type=\u00bb1_4&#8243; module_class=\u00bbds-vertical-align\u00bb _builder_version=\u00bb4.16&#8243; custom_padding=\u00bb|||\u00bb global_colors_info=\u00bb{}\u00bb custom_padding__hover=\u00bb|||\u00bb][et_pb_text _builder_version=\u00bb4.16&#8243; text_font=\u00bbMontserrat||||||||\u00bb text_text_color=\u00bbrgba(0,0,0,0.8)\u00bb text_font_size=\u00bb16px\u00bb global_colors_info=\u00bb{}\u00bb]<\/p>\n<p>Nos vemos tambi\u00e9n en:<\/p>\n<p>[\/et_pb_text][et_pb_social_media_follow _builder_version=\u00bb4.16&#8243; border_width_left=\u00bb1px\u00bb border_color_left=\u00bb#ff9f19&#8243; global_colors_info=\u00bb{}\u00bb][et_pb_social_media_follow_network social_network=\u00bblinkedin\u00bb url=\u00bbhttps:\/\/www.linkedin.com\/in\/raimonbeltran\/\u00bb _builder_version=\u00bb4.16&#8243; background_color=\u00bb#ff9f19&#8243; global_colors_info=\u00bb{}\u00bb follow_button=\u00bboff\u00bb url_new_window=\u00bbon\u00bb] LinkedIn [\/et_pb_social_media_follow_network][\/et_pb_social_media_follow][\/et_pb_column][\/et_pb_row][\/et_pb_section][et_pb_section fb_built=\u00bb1&#8243; disabled_on=\u00bb||on\u00bb _builder_version=\u00bb4.16&#8243; custom_padding=\u00bb0px|0px|0px|0px\u00bb global_colors_info=\u00bb{}\u00bb][et_pb_row column_structure=\u00bb1_4,1_4,1_4,1_4&#8243; use_custom_gutter=\u00bbon\u00bb gutter_width=\u00bb1&#8243; make_equal=\u00bbon\u00bb module_class=\u00bb et_pb_row_fullwidth et_pb_row_fullwidth\u00bb _builder_version=\u00bb4.16&#8243; width=\u00bb100%\u00bb width_tablet=\u00bb100%\u00bb width_phone=\u00bb\u00bb width_last_edited=\u00bbon|desktop\u00bb max_width=\u00bb100%\u00bb max_width_tablet=\u00bb100%\u00bb max_width_phone=\u00bb\u00bb max_width_last_edited=\u00bbon|desktop\u00bb custom_padding=\u00bb0px|0px|0px|0px\u00bb make_fullwidth=\u00bbon\u00bb global_colors_info=\u00bb{}\u00bb][et_pb_column type=\u00bb1_4&#8243; module_class=\u00bbds-vertical-align\u00bb _builder_version=\u00bb4.16&#8243; custom_padding=\u00bb|||\u00bb global_colors_info=\u00bb{}\u00bb custom_padding__hover=\u00bb|||\u00bb][et_pb_image src=\u00bbhttps:\/\/cercleagency.com\/wp-content\/uploads\/2018\/10\/agencia-creatividad-donut-logo-pie-experiencia.jpg\u00bb align=\u00bbcenter\u00bb align_tablet=\u00bbcenter\u00bb align_phone=\u00bb\u00bb align_last_edited=\u00bbon|desktop\u00bb admin_label=\u00bbImagen MOBIL\u00bb _builder_version=\u00bb4.16&#8243; custom_padding=\u00bb30px|30px|30px|30px\u00bb global_colors_info=\u00bb{}\u00bb]<br \/>\n[\/et_pb_image][\/et_pb_column][et_pb_column type=\u00bb1_4&#8243; module_class=\u00bbds-vertical-align\u00bb _builder_version=\u00bb4.16&#8243; custom_padding=\u00bb|||\u00bb global_colors_info=\u00bb{}\u00bb custom_padding__hover=\u00bb|||\u00bb][et_pb_text _builder_version=\u00bb4.22.1&#8243; text_font=\u00bbMontserrat||||||||\u00bb text_font_size=\u00bb16px\u00bb text_orientation=\u00bbcenter\u00bb hover_enabled=\u00bb0&#8243; text_font_size_tablet=\u00bb14px\u00bb text_font_size_phone=\u00bb12px\u00bb text_font_size_last_edited=\u00bbon|tablet\u00bb global_colors_info=\u00bb{}\u00bb sticky_enabled=\u00bb0&#8243;]<\/p>\n<p><strong>CERCLE CREATIVE AGENCY, S.L.<\/strong><br \/>648 610 007<br \/><a href=\"mailto:info@cercleagency.com\">INFO@CERCLEAGENCY.COM<\/a><br \/>WWW.CERCLEAGENCY.COM<\/p>\n<p>[\/et_pb_text][\/et_pb_column][et_pb_column type=\u00bb1_4&#8243; module_class=\u00bbds-vertical-align\u00bb _builder_version=\u00bb4.16&#8243; custom_padding=\u00bb|||\u00bb global_colors_info=\u00bb{}\u00bb custom_padding__hover=\u00bb|||\u00bb][et_pb_text _builder_version=\u00bb4.16&#8243; text_font=\u00bbMontserrat||||||||\u00bb text_text_color=\u00bbrgba(0,0,0,0.8)\u00bb text_font_size=\u00bb16px\u00bb text_orientation=\u00bbcenter\u00bb custom_margin=\u00bb20px|||\u00bb global_colors_info=\u00bb{}\u00bb]<\/p>\n<p>Nos vemos tambi\u00e9n en:<\/p>\n<p>[\/et_pb_text][et_pb_social_media_follow _builder_version=\u00bb4.16&#8243; text_orientation=\u00bbcenter\u00bb custom_margin_tablet=\u00bb\u00bb custom_margin_phone=\u00bb\u00bb custom_margin_last_edited=\u00bbon|phone\u00bb border_width_left=\u00bb1px\u00bb border_color_left=\u00bb#ff9f19&#8243; global_colors_info=\u00bb{}\u00bb][et_pb_social_media_follow_network social_network=\u00bblinkedin\u00bb url=\u00bbhttp:\/\/es.linkedin.com\/in\/raimonbeltran\u00bb _builder_version=\u00bb4.16&#8243; background_color=\u00bb#ff9f19&#8243; global_colors_info=\u00bb{}\u00bb follow_button=\u00bboff\u00bb url_new_window=\u00bbon\u00bb]LinkedIn<br \/>\n[\/et_pb_social_media_follow_network][\/et_pb_social_media_follow][\/et_pb_column][et_pb_column type=\u00bb1_4&#8243; module_class=\u00bbds-vertical-align\u00bb _builder_version=\u00bb4.16&#8243; background_color=\u00bb#ff9f19&#8243; custom_padding=\u00bb|||\u00bb global_colors_info=\u00bb{}\u00bb custom_padding__hover=\u00bb|||\u00bb][et_pb_sidebar orientation=\u00bbright\u00bb area=\u00bbsidebar-1&#8243; _builder_version=\u00bb4.16&#8243; text_orientation=\u00bbcenter\u00bb background_layout=\u00bbdark\u00bb custom_margin=\u00bb60px|||\u00bb custom_margin_tablet=\u00bb\u00bb custom_margin_phone=\u00bb20px|||\u00bb custom_margin_last_edited=\u00bbon|phone\u00bb border_width_left=\u00bb1px\u00bb border_color_left=\u00bb#ff9f19&#8243; global_colors_info=\u00bb{}\u00bb]<br \/>\n[\/et_pb_sidebar][\/et_pb_column][\/et_pb_row][\/et_pb_section]<\/p>\n","protected":false},"excerpt":{"rendered":"<p>EXPERIENCIA EXPERIENCIA CLIENTES INMOBILIARIAS Y CONSTRUCCI\u00d3NIbusa, Moyser, Prefabricats M.Planas, Acontank Espa\u00f1a, Auxipref, Gipisa, Gir Building Group, Patrinver, Patrimonial Urbana Condal, Ofitec, Octanorm Espa\u00f1a, Loroga Constructora Promotora y Construccions Grau. SALUD, VETERINARIA Y BELLEZAElanco, Qu\u00edmica Farmac\u00e9utica Bayer, Bayer Hispania, Advantix, Advantage, Kiltix, Drontal Plus, Drontal, Sano&amp;Bello, Baytril, Milton, Friskies Espa\u00f1a, Nestle Purina Petcare, Ferrer Internacional, Comercial [&hellip;]<\/p>\n","protected":false},"author":1,"featured_media":0,"parent":0,"menu_order":0,"comment_status":"closed","ping_status":"closed","template":"","meta":{"_et_pb_use_builder":"on","_et_pb_old_content":"","_et_gb_content_width":"","footnotes":""},"class_list":["post-423","page","type-page","status-publish","hentry"],"_links":{"self":[{"href":"https:\/\/cercleagency.com\/es\/wp-json\/wp\/v2\/pages\/423","targetHints":{"allow":["GET"]}}],"collection":[{"href":"https:\/\/cercleagency.com\/es\/wp-json\/wp\/v2\/pages"}],"about":[{"href":"https:\/\/cercleagency.com\/es\/wp-json\/wp\/v2\/types\/page"}],"author":[{"embeddable":true,"href":"https:\/\/cercleagency.com\/es\/wp-json\/wp\/v2\/users\/1"}],"replies":[{"embeddable":true,"href":"https:\/\/cercleagency.com\/es\/wp-json\/wp\/v2\/comments?post=423"}],"version-history":[{"count":16,"href":"https:\/\/cercleagency.com\/es\/wp-json\/wp\/v2\/pages\/423\/revisions"}],"predecessor-version":[{"id":4149,"href":"https:\/\/cercleagency.com\/es\/wp-json\/wp\/v2\/pages\/423\/revisions\/4149"}],"wp:attachment":[{"href":"https:\/\/cercleagency.com\/es\/wp-json\/wp\/v2\/media?parent=423"}],"curies":[{"name":"wp","href":"https:\/\/api.w.org\/{rel}","templated":true}]}}